{"id":984,"date":"2016-11-03T08:27:29","date_gmt":"2016-11-03T14:27:29","guid":{"rendered":"http:\/\/empoweringthespirit.ca\/francais\/?page_id=984"},"modified":"2021-08-29T13:14:49","modified_gmt":"2021-08-29T19:14:49","slug":"literacy-support-truth-reconciliation","status":"publish","type":"page","link":"https:\/\/empoweringthespirit.ca\/francais\/literacy-support-truth-reconciliation\/","title":{"rendered":"LITT\u00c9RATIE POUR APPUYER LA V\u00c9RIT\u00c9 ET LA R\u00c9CONCILIATION"},"content":{"rendered":"","protected":false},"excerpt":{"rendered":"","protected":false},"author":1,"featured_media":0,"parent":0,"menu_order":0,"comment_status":"closed","ping_status":"closed","template":"","meta":{"_acf_changed":false,"footnotes":""},"class_list":["post-984","page","type-page","status-publish","hentry"],"acf":[],"yoast_head":"<!-- This site is optimized with the Yoast SEO plugin v26.4 - https:\/\/yoast.com\/wordpress\/plugins\/seo\/ -->\n<title>LITT\u00c9RATIE POUR APPUYER LA V\u00c9RIT\u00c9 ET LA R\u00c9CONCILIATION - Valoriser L&#039;esprit<\/title>\n<meta name=\"robots\" content=\"index, follow, max-snippet:-1, max-image-preview:large, max-video-preview:-1\" \/>\n<link rel=\"canonical\" href=\"https:\/\/empoweringthespirit.ca\/francais\/literacy-support-truth-reconciliation\/\" \/>\n<meta property=\"og:locale\" content=\"en_US\" \/>\n<meta property=\"og:type\" content=\"article\" \/>\n<meta property=\"og:title\" content=\"LITT\u00c9RATIE POUR APPUYER LA V\u00c9RIT\u00c9 ET LA R\u00c9CONCILIATION - Valoriser L&#039;esprit\" \/>\n<meta property=\"og:url\" content=\"https:\/\/empoweringthespirit.ca\/francais\/literacy-support-truth-reconciliation\/\" \/>\n<meta property=\"og:site_name\" content=\"Valoriser L&#039;esprit\" \/>\n<meta property=\"article:modified_time\" content=\"2021-08-29T19:14:49+00:00\" \/>\n<meta name=\"twitter:card\" content=\"summary_large_image\" \/>\n<script type=\"application\/ld+json\" class=\"yoast-schema-graph\">{\"@context\":\"https:\/\/schema.org\",\"@graph\":[{\"@type\":\"WebPage\",\"@id\":\"https:\/\/empoweringthespirit.ca\/francais\/literacy-support-truth-reconciliation\/\",\"url\":\"https:\/\/empoweringthespirit.ca\/francais\/literacy-support-truth-reconciliation\/\",\"name\":\"LITT\u00c9RATIE POUR APPUYER LA V\u00c9RIT\u00c9 ET LA R\u00c9CONCILIATION - Valoriser L&#039;esprit\",\"isPartOf\":{\"@id\":\"https:\/\/empoweringthespirit.ca\/francais\/#website\"},\"datePublished\":\"2016-11-03T14:27:29+00:00\",\"dateModified\":\"2021-08-29T19:14:49+00:00\",\"inLanguage\":\"en-CA\",\"potentialAction\":[{\"@type\":\"ReadAction\",\"target\":[\"https:\/\/empoweringthespirit.ca\/francais\/literacy-support-truth-reconciliation\/\"]}]},{\"@type\":\"WebSite\",\"@id\":\"https:\/\/empoweringthespirit.ca\/francais\/#website\",\"url\":\"https:\/\/empoweringthespirit.ca\/francais\/\",\"name\":\"Valoriser L&#039;esprit\",\"description\":\"Ressources p\u00e9dagogiques pour appuyer la r\u00e9conciliation\",\"potentialAction\":[{\"@type\":\"SearchAction\",\"target\":{\"@type\":\"EntryPoint\",\"urlTemplate\":\"https:\/\/empoweringthespirit.ca\/francais\/?s={search_term_string}\"},\"query-input\":{\"@type\":\"PropertyValueSpecification\",\"valueRequired\":true,\"valueName\":\"search_term_string\"}}],\"inLanguage\":\"en-CA\"}]}<\/script>\n<!-- \/ Yoast SEO plugin. -->","yoast_head_json":{"title":"LITT\u00c9RATIE POUR APPUYER LA V\u00c9RIT\u00c9 ET LA R\u00c9CONCILIATION - Valoriser L&#039;esprit","robots":{"index":"index","follow":"follow","max-snippet":"max-snippet:-1","max-image-preview":"max-image-preview:large","max-video-preview":"max-video-preview:-1"},"canonical":"https:\/\/empoweringthespirit.ca\/francais\/literacy-support-truth-reconciliation\/","og_locale":"en_US","og_type":"article","og_title":"LITT\u00c9RATIE POUR APPUYER LA V\u00c9RIT\u00c9 ET LA R\u00c9CONCILIATION - Valoriser L&#039;esprit","og_url":"https:\/\/empoweringthespirit.ca\/francais\/literacy-support-truth-reconciliation\/","og_site_name":"Valoriser L&#039;esprit","article_modified_time":"2021-08-29T19:14:49+00:00","twitter_card":"summary_large_image","schema":{"@context":"https:\/\/schema.org","@graph":[{"@type":"WebPage","@id":"https:\/\/empoweringthespirit.ca\/francais\/literacy-support-truth-reconciliation\/","url":"https:\/\/empoweringthespirit.ca\/francais\/literacy-support-truth-reconciliation\/","name":"LITT\u00c9RATIE POUR APPUYER LA V\u00c9RIT\u00c9 ET LA R\u00c9CONCILIATION - Valoriser L&#039;esprit","isPartOf":{"@id":"https:\/\/empoweringthespirit.ca\/francais\/#website"},"datePublished":"2016-11-03T14:27:29+00:00","dateModified":"2021-08-29T19:14:49+00:00","inLanguage":"en-CA","potentialAction":[{"@type":"ReadAction","target":["https:\/\/empoweringthespirit.ca\/francais\/literacy-support-truth-reconciliation\/"]}]},{"@type":"WebSite","@id":"https:\/\/empoweringthespirit.ca\/francais\/#website","url":"https:\/\/empoweringthespirit.ca\/francais\/","name":"Valoriser L&#039;esprit","description":"Ressources p\u00e9dagogiques pour appuyer la r\u00e9conciliation","potentialAction":[{"@type":"SearchAction","target":{"@type":"EntryPoint","urlTemplate":"https:\/\/empoweringthespirit.ca\/francais\/?s={search_term_string}"},"query-input":{"@type":"PropertyValueSpecification","valueRequired":true,"valueName":"search_term_string"}}],"inLanguage":"en-CA"}]}},"_links":{"self":[{"href":"https:\/\/empoweringthespirit.ca\/francais\/wp-json\/wp\/v2\/pages\/984","targetHints":{"allow":["GET"]}}],"collection":[{"href":"https:\/\/empoweringthespirit.ca\/francais\/wp-json\/wp\/v2\/pages"}],"about":[{"href":"https:\/\/empoweringthespirit.ca\/francais\/wp-json\/wp\/v2\/types\/page"}],"author":[{"embeddable":true,"href":"https:\/\/empoweringthespirit.ca\/francais\/wp-json\/wp\/v2\/users\/1"}],"replies":[{"embeddable":true,"href":"https:\/\/empoweringthespirit.ca\/francais\/wp-json\/wp\/v2\/comments?post=984"}],"version-history":[{"count":31,"href":"https:\/\/empoweringthespirit.ca\/francais\/wp-json\/wp\/v2\/pages\/984\/revisions"}],"predecessor-version":[{"id":4534,"href":"https:\/\/empoweringthespirit.ca\/francais\/wp-json\/wp\/v2\/pages\/984\/revisions\/4534"}],"wp:attachment":[{"href":"https:\/\/empoweringthespirit.ca\/francais\/wp-json\/wp\/v2\/media?parent=984"}],"curies":[{"name":"wp","href":"https:\/\/api.w.org\/{rel}","templated":true}]}}